{"id":6,"date":"2025-12-02T06:13:44","date_gmt":"2025-12-02T06:13:44","guid":{"rendered":"https:\/\/56win02.xyz\/?page_id=6"},"modified":"2025-12-02T06:13:45","modified_gmt":"2025-12-02T06:13:45","slug":"56win02-dang-nhap-on-dinh-uu-dai-nap-dau-cuc-khung","status":"publish","type":"page","link":"https:\/\/56win02.xyz\/","title":{"rendered":"56win02 \u2013 \u0110\u0103ng Nh\u1eadp \u1ed4n \u0110\u1ecbnh, \u01afu \u0110\u00e3i N\u1ea1p \u0110\u1ea7u C\u1ef1c Kh\u1ee7ng"},"content":{"rendered":"\n<div class=\"wp-block-buttons is-content-justification-center is-layout-flex wp-container-core-buttons-is-layout-16018d1d wp-block-buttons-is-layout-flex\">\n<div class=\"wp-block-button is-style-fill\"><a class=\"wp-block-button__link has-mercury-white-color has-mercury-alizarin-background-color has-text-color has-background has-link-color wp-element-button\" href=\"https:\/\/appvn.fun\/i9bet0208\" target=\"_blank\" rel=\"noreferrer noopener nofollow\">\u0110\u0103ng k\u00fd +150K<\/a><\/div>\n\n\n\n<div class=\"wp-block-button is-style-fill\"><a class=\"wp-block-button__link has-mercury-white-color has-mercury-alizarin-background-color has-text-color has-background has-link-color wp-element-button\" href=\"https:\/\/appvn.fun\/i9bet0208\" target=\"_blank\" rel=\"noreferrer noopener nofollow\">i9BET +150K<\/a><\/div>\n<\/div>\n\n\n\n<figure class=\"wp-block-image alignwide size-large\"><img loading=\"lazy\" decoding=\"async\" width=\"1024\" height=\"465\" src=\"https:\/\/56win02.xyz\/wp-content\/uploads\/2025\/12\/snapedit_1764654660674-1024x465.jpeg\" alt=\"\" class=\"wp-image-7\" srcset=\"https:\/\/56win02.xyz\/wp-content\/uploads\/2025\/12\/snapedit_1764654660674-1024x465.jpeg 1024w, https:\/\/56win02.xyz\/wp-content\/uploads\/2025\/12\/snapedit_1764654660674-300x136.jpeg 300w, https:\/\/56win02.xyz\/wp-content\/uploads\/2025\/12\/snapedit_1764654660674-768x348.jpeg 768w, https:\/\/56win02.xyz\/wp-content\/uploads\/2025\/12\/snapedit_1764654660674-88x40.jpeg 88w, https:\/\/56win02.xyz\/wp-content\/uploads\/2025\/12\/snapedit_1764654660674-71x32.jpeg 71w, https:\/\/56win02.xyz\/wp-content\/uploads\/2025\/12\/snapedit_1764654660674-176x80.jpeg 176w, https:\/\/56win02.xyz\/wp-content\/uploads\/2025\/12\/snapedit_1764654660674-298x135.jpeg 298w, https:\/\/56win02.xyz\/wp-content\/uploads\/2025\/12\/snapedit_1764654660674.jpeg 1080w\" sizes=\"auto, (max-width: 1024px) 100vw, 1024px\" \/><\/figure>\n","protected":false},"excerpt":{"rendered":"","protected":false},"author":1,"featured_media":7,"parent":0,"menu_order":0,"comment_status":"closed","ping_status":"closed","template":"page-without-title.php","meta":{"footnotes":""},"class_list":["post-6","page","type-page","status-publish","has-post-thumbnail","hentry"],"_links":{"self":[{"href":"https:\/\/56win02.xyz\/index.php\/wp-json\/wp\/v2\/pages\/6","targetHints":{"allow":["GET"]}}],"collection":[{"href":"https:\/\/56win02.xyz\/index.php\/wp-json\/wp\/v2\/pages"}],"about":[{"href":"https:\/\/56win02.xyz\/index.php\/wp-json\/wp\/v2\/types\/page"}],"author":[{"embeddable":true,"href":"https:\/\/56win02.xyz\/index.php\/wp-json\/wp\/v2\/users\/1"}],"replies":[{"embeddable":true,"href":"https:\/\/56win02.xyz\/index.php\/wp-json\/wp\/v2\/comments?post=6"}],"version-history":[{"count":1,"href":"https:\/\/56win02.xyz\/index.php\/wp-json\/wp\/v2\/pages\/6\/revisions"}],"predecessor-version":[{"id":8,"href":"https:\/\/56win02.xyz\/index.php\/wp-json\/wp\/v2\/pages\/6\/revisions\/8"}],"wp:featuredmedia":[{"embeddable":true,"href":"https:\/\/56win02.xyz\/index.php\/wp-json\/wp\/v2\/media\/7"}],"wp:attachment":[{"href":"https:\/\/56win02.xyz\/index.php\/wp-json\/wp\/v2\/media?parent=6"}],"curies":[{"name":"wp","href":"https:\/\/api.w.org\/{rel}","templated":true}]}}